{"id":1682,"date":"2019-01-07T14:05:50","date_gmt":"2019-01-07T14:05:50","guid":{"rendered":"https:\/\/www.kraeuter-mix.de\/partner-organisationen"},"modified":"2025-04-04T11:22:35","modified_gmt":"2025-04-04T09:22:35","slug":"partners-and-organizations","status":"publish","type":"page","link":"https:\/\/www.kraeuter-mix.de\/en\/company\/partners-and-organizations","title":{"rendered":"Partners &#038; organizations"},"content":{"rendered":"<div class=\"wpb-content-wrapper\"><p>[vc_row][vc_column][vc_column_text]<\/p>\n<h2>We create connections<\/h2>\n<p>Thanks to its active membership in and intensive cooperation with various organizations, Kr\u00e4uter Mix is always informed about the current market and branch developments. At the same time we contribute our experience and expertise to diverse networks of science, management and practice in order to contribute to value creation.<\/p>\n<h4>An overview of our networks of associations, organizations and partners:<\/h4>\n<ul>\n<li><a href=\"http:\/\/www.astaspice.org\" target=\"_blank\" rel=\"noopener noreferrer\">American Spice Trade Association (ASTA)<\/a><\/li>\n<li><a href=\"http:\/\/www.esa-spices.org\" target=\"_blank\" rel=\"noopener noreferrer\">European Spice Association (ESA)<\/a><\/li>\n<li><a href=\"http:\/\/www.gewuerzindustrie.de\/en-index-gewuerzindustrie.html\" target=\"_blank\" rel=\"noopener noreferrer\">Fachverband der Gew\u00fcrzindustrie<\/a><br \/>\n(German Trade Association of the Spice Industry)<\/li>\n<li><a href=\"http:\/\/www.lebensmittelverband.de\/en\" target=\"_blank\" rel=\"noopener noreferrer\">Lebensmittelverband Deutschland (formerly Bund f\u00fcr Lebensmittelrecht und Lebensmittelkunde \/ BLL)<\/a><br \/>\n(Food Federation Germany, formerly the German Federation for Food Law and Food Science)<\/li>\n<li><a href=\"http:\/\/www.pharmadeutschland.de\/en\" target=\"_blank\" rel=\"noopener noreferrer\">Pharma Deutschland (formerly Bundesfachverband der Arzneimittelhersteller \/ BAH)<\/a><br \/>\n(formerly the German Federal Association of Pharmaceutical Manufacturers)<\/li>\n<li><a href=\"http:\/\/www.fah-bonn.de\" target=\"_blank\" rel=\"noopener noreferrer\">Forschungsvereinigung der Arzneimittel-Hersteller (FAH)<\/a><br \/>\n(German Research Association of Pharmaceutical Manufacturers)<\/li>\n<li><a href=\"http:\/\/www.europam.net\" target=\"_blank\" rel=\"noopener noreferrer\">European Herbs Growers Association (Europam)<\/a><\/li>\n<li><a href=\"http:\/\/www.teeverband.de\/der-verband-en\" target=\"_blank\" rel=\"noopener noreferrer\">Deutscher Tee &amp; Kr\u00e4utertee Verband (emerged from Deutscher Teeverband e.V. and Wirtschaftsvereinigung Kr\u00e4uter- und Fr\u00fcchtetee \/ WKF)<\/a><br \/>\n(German Tea &amp; Herbal Infusions Association, emerged from the German Tea Association and the German Herbal Infusions Association)<\/li>\n<li><a href=\"https:\/\/thie-online.eu\/\">Tea and Herbal Infusions Europe (THIE)<\/a><\/li>\n<li><a href=\"http:\/\/www.kraeuteranbau.de\" target=\"_blank\" rel=\"noopener noreferrer\">Verein zur F\u00f6rderung des Heil- und Gew\u00fcrzpflanzenanbaus in Bayern<\/a><br \/>\n(Association for Promoting the Cultivation of Medicinal and Spice Plants in Bavaria)<\/li>\n<li><a href=\"http:\/\/www.destillateurmeister.de\/\" target=\"_blank\" rel=\"noopener\">Vereinigung der Destillateurmeister<\/a><br \/>\n(German Association of Master Distillers)<\/li>\n<li><a href=\"http:\/\/www.sedexglobal.com\" target=\"_blank\" rel=\"noopener noreferrer\">Supplier Ethical Data Exchange (Sedex)<\/a><\/li>\n<li><a href=\"http:\/\/www.emas.de\/meta\/english-summary\" target=\"_blank\" rel=\"noopener noreferrer\">Eco Management and Audit Scheme (EMAS)<\/a><\/li>\n<li><a href=\"http:\/\/www.ehedg.org\" target=\"_blank\" rel=\"noopener noreferrer\">European Hygienic Engineering &amp; Design Group (EHEDG)<\/a><\/li>\n<li><a href=\"http:\/\/www.lgad.de\" target=\"_blank\" rel=\"noopener noreferrer\">Landesverband Gro\u00df- und Au\u00dfenhandel, Vertrieb und Dienstleistungen Bayern (LGAD)<\/a><br \/>\n(State Association for Wholesale and Foreign Trade, Sales and Services in Bavaria)<\/li>\n<li><a href=\"http:\/\/www.wga-hh.de\" target=\"_blank\" rel=\"noopener noreferrer\">Wirtschaftsvereinigung Gro\u00df- und Au\u00dfenhandel Hamburg (WGA)<\/a><br \/>\n(Business Association for Wholesale and Foreign Trade)<\/li>\n<li><a href=\"http:\/\/www.wuerzburg.ihk.de\" target=\"_blank\" rel=\"noopener noreferrer\">Chamber of industry and commerce (IHK) W\u00fcrzburg-Schweinfurt<\/a><\/li>\n<li><a href=\"http:\/\/www.bgw.uni-wuerzburg.de\" target=\"_blank\" rel=\"noopener noreferrer\">Botanic garden W\u00fcrzburg<\/a><\/li>\n<li><a href=\"http:\/\/www.hw.ac.uk\" target=\"_blank\" rel=\"noopener\">Heriott-Watt University Edinburgh<\/a><\/li>\n<li><a href=\"http:\/\/www.umweltschutz-unterfranken.de\" target=\"_blank\" rel=\"noopener noreferrer\">F\u00f6rderkreis Umweltschutz Unterfranken<\/a><br \/>\n(Sponsoring Society for the Environment Lower Franconia)<\/li>\n<li><a href=\"http:\/\/www.marketingclub-mainfranken.de\" target=\"_blank\" rel=\"noopener noreferrer\">Marketing Club Mainfranken<\/a><\/li>\n<li><a href=\"http:\/\/www.rkwbayern.de\" target=\"_blank\" rel=\"noopener noreferrer\">RKW Bayern<\/a><br \/>\n(Rationalization and Innovation Center Bavaria)<\/li>\n<li><a href=\"https:\/\/www.heilbronn.dhbw.de\/international\/incomings\/heilbronn-international-program\/\" target=\"_blank\" rel=\"noopener noreferrer\">Duale Hochschule Baden-W\u00fcrttemberg Heilbronn<\/a><br \/>\n(Baden-Wuerttemberg Cooperative State University)<\/li>\n<li><a href=\"https:\/\/www.mixforkids.de\/en\/\" target=\"_blank\" rel=\"noopener noreferrer\">Mix for Kids<\/a><\/li>\n<\/ul>\n<p>[\/vc_column_text][\/vc_column][\/vc_row]<\/p>\n<\/div>","protected":false},"excerpt":{"rendered":"<p>[vc_row][vc_column][vc_column_text] We create connections Thanks to its active membership in and intensive cooperation with various organizations, Kr\u00e4uter Mix is always informed about the current market and branch developments. At the same time we contribute our experience and expertise to diverse networks of science, management and practice in order to contribute to value creation. An overview&hellip;<\/p>\n","protected":false},"author":1,"featured_media":561,"parent":1824,"menu_order":7,"comment_status":"closed","ping_status":"closed","template":"","meta":{"_acf_changed":false,"_lmt_disableupdate":"no","_lmt_disable":"","footnotes":"","_links_to":"","_links_to_target":""},"class_list":["post-1682","page","type-page","status-publish","has-post-thumbnail","hentry","description-off"],"acf":[],"yoast_head":"<!-- This site is optimized with the Yoast SEO plugin v27.3 - https:\/\/yoast.com\/product\/yoast-seo-wordpress\/ -->\n<title>Partners &amp; organizations &#8211; Kr\u00e4uter Mix GmbH<\/title>\n<meta name=\"robots\" content=\"index, follow, max-snippet:-1, max-image-preview:large, max-video-preview:-1\" \/>\n<link rel=\"canonical\" href=\"https:\/\/www.kraeuter-mix.de\/en\/company\/partners-and-organizations\" \/>\n<meta property=\"og:locale\" content=\"en_US\" \/>\n<meta property=\"og:type\" content=\"article\" \/>\n<meta property=\"og:title\" content=\"Partners &amp; organizations &#8211; Kr\u00e4uter Mix GmbH\" \/>\n<meta property=\"og:description\" content=\"[vc_row][vc_column][vc_column_text] We create connections Thanks to its active membership in and intensive cooperation with various organizations, Kr\u00e4uter Mix is always informed about the current market and branch developments. At the same time we contribute our experience and expertise to diverse networks of science, management and practice in order to contribute to value creation. An overview&hellip;\" \/>\n<meta property=\"og:url\" content=\"https:\/\/www.kraeuter-mix.de\/en\/company\/partners-and-organizations\" \/>\n<meta property=\"og:site_name\" content=\"Kr\u00e4uter Mix GmbH\" \/>\n<meta property=\"article:modified_time\" content=\"2025-04-04T09:22:35+00:00\" \/>\n<meta property=\"og:image\" content=\"https:\/\/www.kraeuter-mix.de\/wp-content\/uploads\/Content\/kraeutermix_partner.jpg\" \/>\n\t<meta property=\"og:image:width\" content=\"1200\" \/>\n\t<meta property=\"og:image:height\" content=\"800\" \/>\n\t<meta property=\"og:image:type\" content=\"image\/jpeg\" \/>\n<meta name=\"twitter:card\" content=\"summary_large_image\" \/>\n<script type=\"application\/ld+json\" class=\"yoast-schema-graph\">{\"@context\":\"https:\\\/\\\/schema.org\",\"@graph\":[{\"@type\":\"WebPage\",\"@id\":\"https:\\\/\\\/www.kraeuter-mix.de\\\/en\\\/company\\\/partners-and-organizations\",\"url\":\"https:\\\/\\\/www.kraeuter-mix.de\\\/en\\\/company\\\/partners-and-organizations\",\"name\":\"Partners & organizations &#8211; Kr\u00e4uter Mix GmbH\",\"isPartOf\":{\"@id\":\"https:\\\/\\\/www.kraeuter-mix.de\\\/en#website\"},\"primaryImageOfPage\":{\"@id\":\"https:\\\/\\\/www.kraeuter-mix.de\\\/en\\\/company\\\/partners-and-organizations#primaryimage\"},\"image\":{\"@id\":\"https:\\\/\\\/www.kraeuter-mix.de\\\/en\\\/company\\\/partners-and-organizations#primaryimage\"},\"thumbnailUrl\":\"https:\\\/\\\/www.kraeuter-mix.de\\\/wp-content\\\/uploads\\\/Content\\\/kraeutermix_partner.jpg\",\"datePublished\":\"2019-01-07T14:05:50+00:00\",\"dateModified\":\"2025-04-04T09:22:35+00:00\",\"breadcrumb\":{\"@id\":\"https:\\\/\\\/www.kraeuter-mix.de\\\/en\\\/company\\\/partners-and-organizations#breadcrumb\"},\"inLanguage\":\"en-US\",\"potentialAction\":[{\"@type\":\"ReadAction\",\"target\":[\"https:\\\/\\\/www.kraeuter-mix.de\\\/en\\\/company\\\/partners-and-organizations\"]}]},{\"@type\":\"ImageObject\",\"inLanguage\":\"en-US\",\"@id\":\"https:\\\/\\\/www.kraeuter-mix.de\\\/en\\\/company\\\/partners-and-organizations#primaryimage\",\"url\":\"https:\\\/\\\/www.kraeuter-mix.de\\\/wp-content\\\/uploads\\\/Content\\\/kraeutermix_partner.jpg\",\"contentUrl\":\"https:\\\/\\\/www.kraeuter-mix.de\\\/wp-content\\\/uploads\\\/Content\\\/kraeutermix_partner.jpg\",\"width\":1200,\"height\":800},{\"@type\":\"BreadcrumbList\",\"@id\":\"https:\\\/\\\/www.kraeuter-mix.de\\\/en\\\/company\\\/partners-and-organizations#breadcrumb\",\"itemListElement\":[{\"@type\":\"ListItem\",\"position\":1,\"name\":\"Startseite\",\"item\":\"https:\\\/\\\/www.kraeuter-mix.de\\\/en\"},{\"@type\":\"ListItem\",\"position\":2,\"name\":\"Company\",\"item\":\"https:\\\/\\\/www.kraeuter-mix.de\\\/enen\\\/company\\\/about-us\"},{\"@type\":\"ListItem\",\"position\":3,\"name\":\"Partners &#038; organizations\"}]},{\"@type\":\"WebSite\",\"@id\":\"https:\\\/\\\/www.kraeuter-mix.de\\\/en#website\",\"url\":\"https:\\\/\\\/www.kraeuter-mix.de\\\/en\",\"name\":\"Kr\u00e4uter Mix GmbH\",\"description\":\"Hochwertige pflanzliche Rohstoffe f\u00fcr die Lebensmittel-, Pharma- und Tiernahrungs-Industrie sowie den Handel\",\"publisher\":{\"@id\":\"https:\\\/\\\/www.kraeuter-mix.de\\\/en#organization\"},\"potentialAction\":[{\"@type\":\"SearchAction\",\"target\":{\"@type\":\"EntryPoint\",\"urlTemplate\":\"https:\\\/\\\/www.kraeuter-mix.de\\\/en?s={search_term_string}\"},\"query-input\":{\"@type\":\"PropertyValueSpecification\",\"valueRequired\":true,\"valueName\":\"search_term_string\"}}],\"inLanguage\":\"en-US\"},{\"@type\":\"Organization\",\"@id\":\"https:\\\/\\\/www.kraeuter-mix.de\\\/en#organization\",\"name\":\"Kr\u00e4uter Mix\",\"url\":\"https:\\\/\\\/www.kraeuter-mix.de\\\/en\",\"logo\":{\"@type\":\"ImageObject\",\"inLanguage\":\"en-US\",\"@id\":\"https:\\\/\\\/www.kraeuter-mix.de\\\/en#\\\/schema\\\/logo\\\/image\\\/\",\"url\":\"https:\\\/\\\/www.kraeuter-mix.de\\\/wp-content\\\/uploads\\\/logo_296x148px.png\",\"contentUrl\":\"https:\\\/\\\/www.kraeuter-mix.de\\\/wp-content\\\/uploads\\\/logo_296x148px.png\",\"width\":296,\"height\":148,\"caption\":\"Kr\u00e4uter Mix\"},\"image\":{\"@id\":\"https:\\\/\\\/www.kraeuter-mix.de\\\/en#\\\/schema\\\/logo\\\/image\\\/\"}}]}<\/script>\n<!-- \/ Yoast SEO plugin. -->","yoast_head_json":{"title":"Partners & organizations &#8211; Kr\u00e4uter Mix GmbH","robots":{"index":"index","follow":"follow","max-snippet":"max-snippet:-1","max-image-preview":"max-image-preview:large","max-video-preview":"max-video-preview:-1"},"canonical":"https:\/\/www.kraeuter-mix.de\/en\/company\/partners-and-organizations","og_locale":"en_US","og_type":"article","og_title":"Partners & organizations &#8211; Kr\u00e4uter Mix GmbH","og_description":"[vc_row][vc_column][vc_column_text] We create connections Thanks to its active membership in and intensive cooperation with various organizations, Kr\u00e4uter Mix is always informed about the current market and branch developments. At the same time we contribute our experience and expertise to diverse networks of science, management and practice in order to contribute to value creation. An overview&hellip;","og_url":"https:\/\/www.kraeuter-mix.de\/en\/company\/partners-and-organizations","og_site_name":"Kr\u00e4uter Mix GmbH","article_modified_time":"2025-04-04T09:22:35+00:00","og_image":[{"width":1200,"height":800,"url":"https:\/\/www.kraeuter-mix.de\/wp-content\/uploads\/Content\/kraeutermix_partner.jpg","type":"image\/jpeg"}],"twitter_card":"summary_large_image","schema":{"@context":"https:\/\/schema.org","@graph":[{"@type":"WebPage","@id":"https:\/\/www.kraeuter-mix.de\/en\/company\/partners-and-organizations","url":"https:\/\/www.kraeuter-mix.de\/en\/company\/partners-and-organizations","name":"Partners & organizations &#8211; Kr\u00e4uter Mix GmbH","isPartOf":{"@id":"https:\/\/www.kraeuter-mix.de\/en#website"},"primaryImageOfPage":{"@id":"https:\/\/www.kraeuter-mix.de\/en\/company\/partners-and-organizations#primaryimage"},"image":{"@id":"https:\/\/www.kraeuter-mix.de\/en\/company\/partners-and-organizations#primaryimage"},"thumbnailUrl":"https:\/\/www.kraeuter-mix.de\/wp-content\/uploads\/Content\/kraeutermix_partner.jpg","datePublished":"2019-01-07T14:05:50+00:00","dateModified":"2025-04-04T09:22:35+00:00","breadcrumb":{"@id":"https:\/\/www.kraeuter-mix.de\/en\/company\/partners-and-organizations#breadcrumb"},"inLanguage":"en-US","potentialAction":[{"@type":"ReadAction","target":["https:\/\/www.kraeuter-mix.de\/en\/company\/partners-and-organizations"]}]},{"@type":"ImageObject","inLanguage":"en-US","@id":"https:\/\/www.kraeuter-mix.de\/en\/company\/partners-and-organizations#primaryimage","url":"https:\/\/www.kraeuter-mix.de\/wp-content\/uploads\/Content\/kraeutermix_partner.jpg","contentUrl":"https:\/\/www.kraeuter-mix.de\/wp-content\/uploads\/Content\/kraeutermix_partner.jpg","width":1200,"height":800},{"@type":"BreadcrumbList","@id":"https:\/\/www.kraeuter-mix.de\/en\/company\/partners-and-organizations#breadcrumb","itemListElement":[{"@type":"ListItem","position":1,"name":"Startseite","item":"https:\/\/www.kraeuter-mix.de\/en"},{"@type":"ListItem","position":2,"name":"Company","item":"https:\/\/www.kraeuter-mix.de\/enen\/company\/about-us"},{"@type":"ListItem","position":3,"name":"Partners &#038; organizations"}]},{"@type":"WebSite","@id":"https:\/\/www.kraeuter-mix.de\/en#website","url":"https:\/\/www.kraeuter-mix.de\/en","name":"Kr\u00e4uter Mix GmbH","description":"Hochwertige pflanzliche Rohstoffe f\u00fcr die Lebensmittel-, Pharma- und Tiernahrungs-Industrie sowie den Handel","publisher":{"@id":"https:\/\/www.kraeuter-mix.de\/en#organization"},"potentialAction":[{"@type":"SearchAction","target":{"@type":"EntryPoint","urlTemplate":"https:\/\/www.kraeuter-mix.de\/en?s={search_term_string}"},"query-input":{"@type":"PropertyValueSpecification","valueRequired":true,"valueName":"search_term_string"}}],"inLanguage":"en-US"},{"@type":"Organization","@id":"https:\/\/www.kraeuter-mix.de\/en#organization","name":"Kr\u00e4uter Mix","url":"https:\/\/www.kraeuter-mix.de\/en","logo":{"@type":"ImageObject","inLanguage":"en-US","@id":"https:\/\/www.kraeuter-mix.de\/en#\/schema\/logo\/image\/","url":"https:\/\/www.kraeuter-mix.de\/wp-content\/uploads\/logo_296x148px.png","contentUrl":"https:\/\/www.kraeuter-mix.de\/wp-content\/uploads\/logo_296x148px.png","width":296,"height":148,"caption":"Kr\u00e4uter Mix"},"image":{"@id":"https:\/\/www.kraeuter-mix.de\/en#\/schema\/logo\/image\/"}}]}},"_links":{"self":[{"href":"https:\/\/www.kraeuter-mix.de\/en\/wp-json\/wp\/v2\/pages\/1682","targetHints":{"allow":["GET"]}}],"collection":[{"href":"https:\/\/www.kraeuter-mix.de\/en\/wp-json\/wp\/v2\/pages"}],"about":[{"href":"https:\/\/www.kraeuter-mix.de\/en\/wp-json\/wp\/v2\/types\/page"}],"author":[{"embeddable":true,"href":"https:\/\/www.kraeuter-mix.de\/en\/wp-json\/wp\/v2\/users\/1"}],"replies":[{"embeddable":true,"href":"https:\/\/www.kraeuter-mix.de\/en\/wp-json\/wp\/v2\/comments?post=1682"}],"version-history":[{"count":21,"href":"https:\/\/www.kraeuter-mix.de\/en\/wp-json\/wp\/v2\/pages\/1682\/revisions"}],"predecessor-version":[{"id":10151,"href":"https:\/\/www.kraeuter-mix.de\/en\/wp-json\/wp\/v2\/pages\/1682\/revisions\/10151"}],"up":[{"embeddable":true,"href":"https:\/\/www.kraeuter-mix.de\/en\/wp-json\/wp\/v2\/pages\/1824"}],"wp:featuredmedia":[{"embeddable":true,"href":"https:\/\/www.kraeuter-mix.de\/en\/wp-json\/wp\/v2\/media\/561"}],"wp:attachment":[{"href":"https:\/\/www.kraeuter-mix.de\/en\/wp-json\/wp\/v2\/media?parent=1682"}],"curies":[{"name":"wp","href":"https:\/\/api.w.org\/{rel}","templated":true}]}}