{"id":1849,"date":"2019-01-08T15:55:33","date_gmt":"2019-01-08T15:55:33","guid":{"rendered":"https:\/\/www.kraeuter-mix.de\/contact\/anfahrt"},"modified":"2025-01-21T12:55:42","modified_gmt":"2025-01-21T11:55:42","slug":"address","status":"publish","type":"page","link":"https:\/\/www.kraeuter-mix.de\/en\/contact\/address","title":{"rendered":"Address"},"content":{"rendered":"<div class=\"wpb-content-wrapper\"><p>[vc_row][vc_column][vc_column_text]<\/p>\n<h2>How to find us<\/h2>\n<p>[\/vc_column_text][vc_single_image image=&#8221;7121&#8243; img_size=&#8221;full&#8221;][\/vc_column][\/vc_row][vc_row][vc_column width=&#8221;3\/4&#8243; css=&#8221;.vc_custom_1547821533215{padding-right: 35px !important;}&#8221;][vc_column_text]<\/p>\n<h4>Kr\u00e4uter Mix GmbH, headquarters Abtswind<br \/>\nWiesentheider Stra\u00dfe 4, 97355 Abtswind, Germany<\/h4>\n<p>From the motorway A3 W\u00fcrzburg\u2013N\u00fcrnberg, take exit 75 Wiesentheid and drive toward Schweinfurt (federal road B286). Turn right at the traffic lights toward Abtswind and at the next junction turn right toward Abtswind.<\/p>\n<h5>Incoming Goods, Dispatch &amp; Technical Management:<\/h5>\n<p>After the Abtswind town sign, turn left onto Schwimmbadstra\u00dfe and follow the relevant signs.<\/p>\n<h5>Visitors &amp; Administration:<\/h5>\n<p>After the Abtswind town sign, follow Wiesentheider Stra\u00dfe for 170 meters and turn left to the administration building on the company premises.[\/vc_column_text][\/vc_column][vc_column width=&#8221;1\/4&#8243;][vc_single_image image=&#8221;9928&#8243; img_size=&#8221;large&#8221; onclick=&#8221;custom_link&#8221; img_link_target=&#8221;_blank&#8221; image_hovers=&#8221;false&#8221; link=&#8221;https:\/\/www.kraeuter-mix.de\/wp-content\/uploads\/2025-01-Site-plan_KM-Abtswind.pdf&#8221; el_class=&#8221;shadow outline&#8221;][vc_column_text]<\/p>\n<p style=\"text-align: left;\"><a href=\"https:\/\/www.kraeuter-mix.de\/wp-content\/uploads\/2025-01-Site-plan_KM-Abtswind.pdf\" target=\"_blank\" rel=\"noopener\">Detail view Abtswind<\/a><\/p>\n<p>[\/vc_column_text][vc_column_text]<a href=\"https:\/\/www.google.com\/maps\/place\/Kr\u00e4uter+Mix+GmbH\/@49.77116,10.36829,15z\/data=!4m5!3m4!1s0x0:0x71c667e39685b218!8m2!3d49.77116!4d10.36829\" target=\"_blank\" rel=\"noopener\">Route planning to Abtswind with Google Maps<\/a>[\/vc_column_text][\/vc_column][\/vc_row][vc_row][vc_column][vc_separator border_width=&#8221;3&#8243;][\/vc_column][\/vc_row][vc_row][vc_column width=&#8221;3\/4&#8243; css=&#8221;.vc_custom_1547821533215{padding-right: 35px !important;}&#8221;][vc_column_text]<\/p>\n<h4>Kr\u00e4uter Mix GmbH, location Wiesentheid<br \/>\nIndustriestra\u00dfe 30 &amp; 30a, 97353 Wiesentheid, Germany<\/h4>\n<p>On the highway A3 from W\u00fcrzburg to Nuremberg (N\u00fcrnberg) take the highway exit 75. Drive in the direction of Schweinfurt (federal road B286). At the traffic light turn left toward Wiesentheid and in the roundabout take the second exit onto the Industriestra\u00dfe.<\/p>\n<h5>Visitors (Industriestra\u00dfe 30a):<\/h5>\n<p>After leaving the roundabout turn left into the first entrance onto the company premises. There the administrative building with the departments Personnel, Accounting, Controlling, Marketing &amp; Corporate Communications is located before the factory gate. There are sufficient parking spaces available.<\/p>\n<h5>Import &amp; Export (Industriestra\u00dfe 30):<\/h5>\n<p>After leaving the roundabout follow the road for 200 meters, turn left onto the company premises and follow the signage.[\/vc_column_text][\/vc_column][vc_column width=&#8221;1\/4&#8243;][vc_single_image image=&#8221;9916&#8243; img_size=&#8221;large&#8221; onclick=&#8221;custom_link&#8221; img_link_target=&#8221;_blank&#8221; image_hovers=&#8221;false&#8221; link=&#8221;https:\/\/www.kraeuter-mix.de\/wp-content\/uploads\/2025-01-Site-plan-KM-Wiesentheid.pdf&#8221; el_class=&#8221;shadow outline&#8221;][vc_column_text]<\/p>\n<p style=\"text-align: left;\"><a href=\"https:\/\/www.kraeuter-mix.de\/wp-content\/uploads\/2025-01-Site-plan-KM-Wiesentheid.pdf\" target=\"_blank\" rel=\"noopener\">Detail view Wiesentheid<\/a><\/p>\n<p>[\/vc_column_text][vc_column_text]<a href=\"https:\/\/www.google.com\/maps\/place\/Kr\u00e4uter+Mix+GmbH\/@49.7825729,10.3280758,14.75z\/data=!4m12!1m6!3m5!1s0x47a265b8dc71ba59:0xd385813a4350fa70!2sKr\u00e4uter+Mix+GmbH!8m2!3d49.780938!4d10.3410655!3m4!1s0x47a265b8dc71ba59:0xd385813a4350fa70!8m2!3d49.780938!4d10.3410655\" target=\"_blank\" rel=\"noopener\">Route planning to Wiesentheid with Google Maps<\/a>[\/vc_column_text][vc_separator border_width=&#8221;3&#8243;]<div  class=\"download-list wpb_content_element vc_clearfix\"><div class=\"wpb_wrapper\"><h2 class=\"entry-title download-list-heading\"><\/h2><div class=\"uavc-list-icon uavc-list-icon-wrapper ult-adjust-bottom-margin list-icon-wrap \"><ul class=\"uavc-list\"><li class=\"download-list-item\"><div class=\"uavc-list-content\"><a href=\"https:\/\/www.kraeuter-mix.de\/wp-content\/uploads\/Driving_directions_A4.pdf\" target=\"_blank\" class=\"download-link\"><span class=\"aio-icon none colored-icon download-icon\"><i class=\"Defaults-download\"><\/i><\/span><span class=\"uavc-list-desc align-caption-right\"\" style=\"\">\nDriving directions\n <em class=\"caption-filesize\">(PDF, 810.70 KB)<\/em><\/span><\/a><\/div><\/li><\/ul><\/div><\/div><\/div>[\/vc_column][\/vc_row]<\/p>\n<\/div>","protected":false},"excerpt":{"rendered":"<p>[vc_row][vc_column][vc_column_text] How to find us [\/vc_column_text][vc_single_image image=&#8221;7121&#8243; img_size=&#8221;full&#8221;][\/vc_column][\/vc_row][vc_row][vc_column width=&#8221;3\/4&#8243; css=&#8221;.vc_custom_1547821533215{padding-right: 35px !important;}&#8221;][vc_column_text] Kr\u00e4uter Mix GmbH, headquarters Abtswind Wiesentheider Stra\u00dfe 4, 97355 Abtswind, Germany From the motorway A3 W\u00fcrzburg\u2013N\u00fcrnberg, take exit 75 Wiesentheid and drive toward Schweinfurt (federal road B286). Turn right at the traffic lights toward Abtswind and at the next junction turn right toward&hellip;<\/p>\n","protected":false},"author":1,"featured_media":7009,"parent":14,"menu_order":1,"comment_status":"closed","ping_status":"closed","template":"","meta":{"_acf_changed":false,"_lmt_disableupdate":"no","_lmt_disable":"","footnotes":"","_links_to":"","_links_to_target":""},"class_list":["post-1849","page","type-page","status-publish","has-post-thumbnail","hentry","description-off"],"acf":[],"yoast_head":"<!-- This site is optimized with the Yoast SEO plugin v27.3 - https:\/\/yoast.com\/product\/yoast-seo-wordpress\/ -->\n<title>Address &#8211; Kr\u00e4uter Mix GmbH<\/title>\n<meta name=\"robots\" content=\"index, follow, max-snippet:-1, max-image-preview:large, max-video-preview:-1\" \/>\n<link rel=\"canonical\" href=\"https:\/\/www.kraeuter-mix.de\/en\/contact\/address\" \/>\n<meta property=\"og:locale\" content=\"en_US\" \/>\n<meta property=\"og:type\" content=\"article\" \/>\n<meta property=\"og:title\" content=\"Address &#8211; Kr\u00e4uter Mix GmbH\" \/>\n<meta property=\"og:description\" content=\"[vc_row][vc_column][vc_column_text] How to find us [\/vc_column_text][vc_single_image image=&#8221;7121&#8243; img_size=&#8221;full&#8221;][\/vc_column][\/vc_row][vc_row][vc_column width=&#8221;3\/4&#8243; css=&#8221;.vc_custom_1547821533215{padding-right: 35px !important;}&#8221;][vc_column_text] Kr\u00e4uter Mix GmbH, headquarters Abtswind Wiesentheider Stra\u00dfe 4, 97355 Abtswind, Germany From the motorway A3 W\u00fcrzburg\u2013N\u00fcrnberg, take exit 75 Wiesentheid and drive toward Schweinfurt (federal road B286). Turn right at the traffic lights toward Abtswind and at the next junction turn right toward&hellip;\" \/>\n<meta property=\"og:url\" content=\"https:\/\/www.kraeuter-mix.de\/en\/contact\/address\" \/>\n<meta property=\"og:site_name\" content=\"Kr\u00e4uter Mix GmbH\" \/>\n<meta property=\"article:modified_time\" content=\"2025-01-21T11:55:42+00:00\" \/>\n<meta property=\"og:image\" content=\"https:\/\/www.kraeuter-mix.de\/wp-content\/uploads\/anfahrt_lkw.jpg\" \/>\n\t<meta property=\"og:image:width\" content=\"1536\" \/>\n\t<meta property=\"og:image:height\" content=\"704\" \/>\n\t<meta property=\"og:image:type\" content=\"image\/jpeg\" \/>\n<meta name=\"twitter:card\" content=\"summary_large_image\" \/>\n<script type=\"application\/ld+json\" class=\"yoast-schema-graph\">{\"@context\":\"https:\\\/\\\/schema.org\",\"@graph\":[{\"@type\":\"WebPage\",\"@id\":\"https:\\\/\\\/www.kraeuter-mix.de\\\/en\\\/contact\\\/address\",\"url\":\"https:\\\/\\\/www.kraeuter-mix.de\\\/en\\\/contact\\\/address\",\"name\":\"Address &#8211; Kr\u00e4uter Mix GmbH\",\"isPartOf\":{\"@id\":\"https:\\\/\\\/www.kraeuter-mix.de\\\/en#website\"},\"primaryImageOfPage\":{\"@id\":\"https:\\\/\\\/www.kraeuter-mix.de\\\/en\\\/contact\\\/address#primaryimage\"},\"image\":{\"@id\":\"https:\\\/\\\/www.kraeuter-mix.de\\\/en\\\/contact\\\/address#primaryimage\"},\"thumbnailUrl\":\"https:\\\/\\\/www.kraeuter-mix.de\\\/wp-content\\\/uploads\\\/anfahrt_lkw.jpg\",\"datePublished\":\"2019-01-08T15:55:33+00:00\",\"dateModified\":\"2025-01-21T11:55:42+00:00\",\"breadcrumb\":{\"@id\":\"https:\\\/\\\/www.kraeuter-mix.de\\\/en\\\/contact\\\/address#breadcrumb\"},\"inLanguage\":\"en-US\",\"potentialAction\":[{\"@type\":\"ReadAction\",\"target\":[\"https:\\\/\\\/www.kraeuter-mix.de\\\/en\\\/contact\\\/address\"]}]},{\"@type\":\"ImageObject\",\"inLanguage\":\"en-US\",\"@id\":\"https:\\\/\\\/www.kraeuter-mix.de\\\/en\\\/contact\\\/address#primaryimage\",\"url\":\"https:\\\/\\\/www.kraeuter-mix.de\\\/wp-content\\\/uploads\\\/anfahrt_lkw.jpg\",\"contentUrl\":\"https:\\\/\\\/www.kraeuter-mix.de\\\/wp-content\\\/uploads\\\/anfahrt_lkw.jpg\",\"width\":1536,\"height\":704,\"caption\":\"Kr\u00e4uter Mix Anfahrt LKW\"},{\"@type\":\"BreadcrumbList\",\"@id\":\"https:\\\/\\\/www.kraeuter-mix.de\\\/en\\\/contact\\\/address#breadcrumb\",\"itemListElement\":[{\"@type\":\"ListItem\",\"position\":1,\"name\":\"Startseite\",\"item\":\"https:\\\/\\\/www.kraeuter-mix.de\\\/en\"},{\"@type\":\"ListItem\",\"position\":2,\"name\":\"Contact\",\"item\":\"https:\\\/\\\/www.kraeuter-mix.de\\\/en\\\/contact\\\/contact\"},{\"@type\":\"ListItem\",\"position\":3,\"name\":\"Address\"}]},{\"@type\":\"WebSite\",\"@id\":\"https:\\\/\\\/www.kraeuter-mix.de\\\/en#website\",\"url\":\"https:\\\/\\\/www.kraeuter-mix.de\\\/en\",\"name\":\"Kr\u00e4uter Mix GmbH\",\"description\":\"Hochwertige pflanzliche Rohstoffe f\u00fcr die Lebensmittel-, Pharma- und Tiernahrungs-Industrie sowie den Handel\",\"publisher\":{\"@id\":\"https:\\\/\\\/www.kraeuter-mix.de\\\/en#organization\"},\"potentialAction\":[{\"@type\":\"SearchAction\",\"target\":{\"@type\":\"EntryPoint\",\"urlTemplate\":\"https:\\\/\\\/www.kraeuter-mix.de\\\/en?s={search_term_string}\"},\"query-input\":{\"@type\":\"PropertyValueSpecification\",\"valueRequired\":true,\"valueName\":\"search_term_string\"}}],\"inLanguage\":\"en-US\"},{\"@type\":\"Organization\",\"@id\":\"https:\\\/\\\/www.kraeuter-mix.de\\\/en#organization\",\"name\":\"Kr\u00e4uter Mix\",\"url\":\"https:\\\/\\\/www.kraeuter-mix.de\\\/en\",\"logo\":{\"@type\":\"ImageObject\",\"inLanguage\":\"en-US\",\"@id\":\"https:\\\/\\\/www.kraeuter-mix.de\\\/en#\\\/schema\\\/logo\\\/image\\\/\",\"url\":\"https:\\\/\\\/www.kraeuter-mix.de\\\/wp-content\\\/uploads\\\/logo_296x148px.png\",\"contentUrl\":\"https:\\\/\\\/www.kraeuter-mix.de\\\/wp-content\\\/uploads\\\/logo_296x148px.png\",\"width\":296,\"height\":148,\"caption\":\"Kr\u00e4uter Mix\"},\"image\":{\"@id\":\"https:\\\/\\\/www.kraeuter-mix.de\\\/en#\\\/schema\\\/logo\\\/image\\\/\"}}]}<\/script>\n<!-- \/ Yoast SEO plugin. -->","yoast_head_json":{"title":"Address &#8211; Kr\u00e4uter Mix GmbH","robots":{"index":"index","follow":"follow","max-snippet":"max-snippet:-1","max-image-preview":"max-image-preview:large","max-video-preview":"max-video-preview:-1"},"canonical":"https:\/\/www.kraeuter-mix.de\/en\/contact\/address","og_locale":"en_US","og_type":"article","og_title":"Address &#8211; Kr\u00e4uter Mix GmbH","og_description":"[vc_row][vc_column][vc_column_text] How to find us [\/vc_column_text][vc_single_image image=&#8221;7121&#8243; img_size=&#8221;full&#8221;][\/vc_column][\/vc_row][vc_row][vc_column width=&#8221;3\/4&#8243; css=&#8221;.vc_custom_1547821533215{padding-right: 35px !important;}&#8221;][vc_column_text] Kr\u00e4uter Mix GmbH, headquarters Abtswind Wiesentheider Stra\u00dfe 4, 97355 Abtswind, Germany From the motorway A3 W\u00fcrzburg\u2013N\u00fcrnberg, take exit 75 Wiesentheid and drive toward Schweinfurt (federal road B286). Turn right at the traffic lights toward Abtswind and at the next junction turn right toward&hellip;","og_url":"https:\/\/www.kraeuter-mix.de\/en\/contact\/address","og_site_name":"Kr\u00e4uter Mix GmbH","article_modified_time":"2025-01-21T11:55:42+00:00","og_image":[{"width":1536,"height":704,"url":"https:\/\/www.kraeuter-mix.de\/wp-content\/uploads\/anfahrt_lkw.jpg","type":"image\/jpeg"}],"twitter_card":"summary_large_image","schema":{"@context":"https:\/\/schema.org","@graph":[{"@type":"WebPage","@id":"https:\/\/www.kraeuter-mix.de\/en\/contact\/address","url":"https:\/\/www.kraeuter-mix.de\/en\/contact\/address","name":"Address &#8211; Kr\u00e4uter Mix GmbH","isPartOf":{"@id":"https:\/\/www.kraeuter-mix.de\/en#website"},"primaryImageOfPage":{"@id":"https:\/\/www.kraeuter-mix.de\/en\/contact\/address#primaryimage"},"image":{"@id":"https:\/\/www.kraeuter-mix.de\/en\/contact\/address#primaryimage"},"thumbnailUrl":"https:\/\/www.kraeuter-mix.de\/wp-content\/uploads\/anfahrt_lkw.jpg","datePublished":"2019-01-08T15:55:33+00:00","dateModified":"2025-01-21T11:55:42+00:00","breadcrumb":{"@id":"https:\/\/www.kraeuter-mix.de\/en\/contact\/address#breadcrumb"},"inLanguage":"en-US","potentialAction":[{"@type":"ReadAction","target":["https:\/\/www.kraeuter-mix.de\/en\/contact\/address"]}]},{"@type":"ImageObject","inLanguage":"en-US","@id":"https:\/\/www.kraeuter-mix.de\/en\/contact\/address#primaryimage","url":"https:\/\/www.kraeuter-mix.de\/wp-content\/uploads\/anfahrt_lkw.jpg","contentUrl":"https:\/\/www.kraeuter-mix.de\/wp-content\/uploads\/anfahrt_lkw.jpg","width":1536,"height":704,"caption":"Kr\u00e4uter Mix Anfahrt LKW"},{"@type":"BreadcrumbList","@id":"https:\/\/www.kraeuter-mix.de\/en\/contact\/address#breadcrumb","itemListElement":[{"@type":"ListItem","position":1,"name":"Startseite","item":"https:\/\/www.kraeuter-mix.de\/en"},{"@type":"ListItem","position":2,"name":"Contact","item":"https:\/\/www.kraeuter-mix.de\/en\/contact\/contact"},{"@type":"ListItem","position":3,"name":"Address"}]},{"@type":"WebSite","@id":"https:\/\/www.kraeuter-mix.de\/en#website","url":"https:\/\/www.kraeuter-mix.de\/en","name":"Kr\u00e4uter Mix GmbH","description":"Hochwertige pflanzliche Rohstoffe f\u00fcr die Lebensmittel-, Pharma- und Tiernahrungs-Industrie sowie den Handel","publisher":{"@id":"https:\/\/www.kraeuter-mix.de\/en#organization"},"potentialAction":[{"@type":"SearchAction","target":{"@type":"EntryPoint","urlTemplate":"https:\/\/www.kraeuter-mix.de\/en?s={search_term_string}"},"query-input":{"@type":"PropertyValueSpecification","valueRequired":true,"valueName":"search_term_string"}}],"inLanguage":"en-US"},{"@type":"Organization","@id":"https:\/\/www.kraeuter-mix.de\/en#organization","name":"Kr\u00e4uter Mix","url":"https:\/\/www.kraeuter-mix.de\/en","logo":{"@type":"ImageObject","inLanguage":"en-US","@id":"https:\/\/www.kraeuter-mix.de\/en#\/schema\/logo\/image\/","url":"https:\/\/www.kraeuter-mix.de\/wp-content\/uploads\/logo_296x148px.png","contentUrl":"https:\/\/www.kraeuter-mix.de\/wp-content\/uploads\/logo_296x148px.png","width":296,"height":148,"caption":"Kr\u00e4uter Mix"},"image":{"@id":"https:\/\/www.kraeuter-mix.de\/en#\/schema\/logo\/image\/"}}]}},"_links":{"self":[{"href":"https:\/\/www.kraeuter-mix.de\/en\/wp-json\/wp\/v2\/pages\/1849","targetHints":{"allow":["GET"]}}],"collection":[{"href":"https:\/\/www.kraeuter-mix.de\/en\/wp-json\/wp\/v2\/pages"}],"about":[{"href":"https:\/\/www.kraeuter-mix.de\/en\/wp-json\/wp\/v2\/types\/page"}],"author":[{"embeddable":true,"href":"https:\/\/www.kraeuter-mix.de\/en\/wp-json\/wp\/v2\/users\/1"}],"replies":[{"embeddable":true,"href":"https:\/\/www.kraeuter-mix.de\/en\/wp-json\/wp\/v2\/comments?post=1849"}],"version-history":[{"count":23,"href":"https:\/\/www.kraeuter-mix.de\/en\/wp-json\/wp\/v2\/pages\/1849\/revisions"}],"predecessor-version":[{"id":9929,"href":"https:\/\/www.kraeuter-mix.de\/en\/wp-json\/wp\/v2\/pages\/1849\/revisions\/9929"}],"up":[{"embeddable":true,"href":"https:\/\/www.kraeuter-mix.de\/en\/wp-json\/wp\/v2\/pages\/14"}],"wp:featuredmedia":[{"embeddable":true,"href":"https:\/\/www.kraeuter-mix.de\/en\/wp-json\/wp\/v2\/media\/7009"}],"wp:attachment":[{"href":"https:\/\/www.kraeuter-mix.de\/en\/wp-json\/wp\/v2\/media?parent=1849"}],"curies":[{"name":"wp","href":"https:\/\/api.w.org\/{rel}","templated":true}]}}